{"id":140,"date":"2024-10-07T12:55:38","date_gmt":"2024-10-07T10:55:38","guid":{"rendered":"https:\/\/www.112spain.com\/web\/?page_id=140"},"modified":"2024-10-10T19:49:57","modified_gmt":"2024-10-10T17:49:57","slug":"contactform","status":"publish","type":"page","link":"https:\/\/www.112spain.com\/web\/contactform\/","title":{"rendered":"FORMULARIO CONTACTAR"},"content":{"rendered":"<p><span style=\"font-size: 14pt;\"><strong>Formulario web de contacto de 1-1-2 Spain<\/strong><\/span><br \/>\n<span style=\"font-size: 12pt;\">INFORMACI\u00d3N B\u00c1SICA DE PROTECCI\u00d3N DE DATOS<\/span><\/p>\n<p><span style=\"font-size: 12pt;\"><strong>Responsable del tratamiento<\/strong>: <a href=\"https:\/\/www.112spain.com\/web\/politica-privacidad\/\" target=\"_blank\" rel=\"noopener\">PJPC-SOFTWARE<\/a>.<\/span><br \/>\n<span style=\"font-size: 12pt;\"><strong>Finalidad<\/strong>: Los datos ser\u00e1n utilizados para atender su solicitud voluntaria y para la remisi\u00f3n de informaci\u00f3n de nuestra entidad si nos ha prestado su consentimiento y bajo petici\u00f3n previa de la misma.<\/span><br \/>\n<span style=\"font-size: 12pt;\"><strong>Legitimaci\u00f3n<\/strong>: Ejecuci\u00f3n de un contrato\/precontrato, obligaci\u00f3n legal y consentimiento del interesado.<\/span><br \/>\n<span style=\"font-size: 12pt;\"><strong>Destinatarios<\/strong>: Organismos obligados por Ley.<\/span><br \/>\n<span style=\"font-size: 12pt;\"><strong>Derechos<\/strong>: Pueden ejercer sus derechos de acceso, rectificaci\u00f3n, supresi\u00f3n y oposici\u00f3n, portabilidad, limitaci\u00f3n y a no ser objeto de decisiones automatizadas o retirar el consentimiento prestado.<\/span><br \/>\n<span style=\"font-size: 12pt;\">Si no quiere recibir informaci\u00f3n de nuestra entidad puede revocar el consentimiento enviando un correo-e a <a href=\"mailto:administrator@112spain.com\">administrator@112spain.com<\/a> indicando en el apartado asunto \u00ab<em>Baja informaci\u00f3n<\/em>\u00bb.<\/span><br \/>\n<span style=\"font-size: 12pt;\"><strong>Informaci\u00f3n adicional:<\/strong> Puede consultar la informaci\u00f3n adicional y detallada sobre protecci\u00f3n de datos en cualquiera de nuestras web www.112spain.com , www.112spain.es, www.pjpc-software.com o solicitar dicha informaci\u00f3n a: <a href=\"mailto:administrator@112spain.com\">administrator@112spain.com<\/a><\/span><\/p>\n<ul>\n<li><a href=\"https:\/\/www.112spain.com\/web\/politica-privacidad\/\" target=\"_blank\" rel=\"noopener\">Pol\u00edtica de privacidad [tratamiento de datos]<\/a><\/li>\n<li><a href=\"https:\/\/www.boe.es\/buscar\/act.php?id=BOE-A-2021-8806\" target=\"_blank\" rel=\"noopener\">Informaci\u00f3n ley tratamiento de car\u00e1cter personal<\/a><\/li>\n<\/ul>\n<hr \/>\n\n<div class=\"wpcf7 no-js\" id=\"wpcf7-f131-o1\" lang=\"es-ES\" dir=\"ltr\" data-wpcf7-id=\"131\">\n<div class=\"screen-reader-response\"><p role=\"status\" aria-live=\"polite\" aria-atomic=\"true\"><\/p> <ul><\/ul><\/div>\n<form action=\"\/web\/wp-json\/wp\/v2\/pages\/140#wpcf7-f131-o1\" method=\"post\" class=\"wpcf7-form init\" aria-label=\"Formulario de contacto\" novalidate=\"novalidate\" data-status=\"init\">\n<fieldset class=\"hidden-fields-container\"><input type=\"hidden\" name=\"_wpcf7\" value=\"131\" \/><input type=\"hidden\" name=\"_wpcf7_version\" value=\"6.1.2\" \/><input type=\"hidden\" name=\"_wpcf7_locale\" value=\"es_ES\" \/><input type=\"hidden\" name=\"_wpcf7_unit_tag\" value=\"wpcf7-f131-o1\" \/><input type=\"hidden\" name=\"_wpcf7_container_post\" value=\"0\" \/><input type=\"hidden\" name=\"_wpcf7_posted_data_hash\" value=\"\" \/><input type=\"hidden\" name=\"_wpcf7_recaptcha_response\" value=\"\" \/>\n<\/fieldset>\n<p><label> Su nombre<br \/>\n<span class=\"wpcf7-form-control-wrap\" data-name=\"your-name\"><input size=\"40\" maxlength=\"400\" class=\"wpcf7-form-control wpcf7-text wpcf7-validates-as-required\" autocomplete=\"name\" aria-required=\"true\" aria-invalid=\"false\" value=\"\" type=\"text\" name=\"your-name\" \/><\/span> <\/label>\n<\/p>\n<p><label> Su correo electr\u00f3nico<br \/>\n<span class=\"wpcf7-form-control-wrap\" data-name=\"your-email\"><input size=\"40\" maxlength=\"400\" class=\"wpcf7-form-control wpcf7-email wpcf7-validates-as-required wpcf7-text wpcf7-validates-as-email\" autocomplete=\"email\" aria-required=\"true\" aria-invalid=\"false\" value=\"\" type=\"email\" name=\"your-email\" \/><\/span> <\/label>\n<\/p>\n<p><label> Asunto<br \/>\n<span class=\"wpcf7-form-control-wrap\" data-name=\"your-subject\"><input size=\"40\" maxlength=\"400\" class=\"wpcf7-form-control wpcf7-text wpcf7-validates-as-required\" aria-required=\"true\" aria-invalid=\"false\" value=\"\" type=\"text\" name=\"your-subject\" \/><\/span> <\/label>\n<\/p>\n<p><label> Su mensaje (opcional)<br \/>\n<span class=\"wpcf7-form-control-wrap\" data-name=\"your-message\"><textarea cols=\"40\" rows=\"10\" maxlength=\"2000\" class=\"wpcf7-form-control wpcf7-textarea\" aria-invalid=\"false\" name=\"your-message\"><\/textarea><\/span> <\/label>\n<\/p>\n<p><label> Acepte el acuerdo de tratamiento de datos<br \/>\n<span class=\"wpcf7-form-control-wrap\" data-name=\"acceptance-93\"><span class=\"wpcf7-form-control wpcf7-acceptance\"><span class=\"wpcf7-list-item\"><input type=\"checkbox\" name=\"acceptance-93\" value=\"1\" aria-invalid=\"false\" \/><\/span><\/span><\/span><\/label>\n<\/p>\n<p>Debe aceptar el tratamiento de datos para que podamos recibir su email, sus datos y darle respuesta si fuera necesario. Si lo desea, lea primero nuestra pol\u00edtica de datos usando el enlace superior en esta misma p\u00e1gina.\n<\/p>\n<span class=\"wpcf7-form-control-wrap recaptcha\" data-name=\"recaptcha\"><span data-sitekey=\"6LeIYsoUAAAAAFaD3YjY1hqJ74dCNWJJj53kblo9\" class=\"wpcf7-form-control wpcf7-recaptcha g-recaptcha\"><\/span>\r\n<noscript>\r\n\t<div class=\"grecaptcha-noscript\">\r\n\t\t<iframe loading=\"lazy\" src=\"https:\/\/www.google.com\/recaptcha\/api\/fallback?k=6LeIYsoUAAAAAFaD3YjY1hqJ74dCNWJJj53kblo9\" frameborder=\"0\" scrolling=\"no\" width=\"310\" height=\"430\">\r\n\t\t<\/iframe>\r\n\t\t<textarea name=\"g-recaptcha-response\" rows=\"3\" cols=\"40\" placeholder=\"Aqu\u00ed la respuesta de reCAPTCHA\">\r\n\t\t<\/textarea>\r\n\t<\/div>\r\n<\/noscript>\r\n<\/span>\n<p><input class=\"wpcf7-form-control wpcf7-submit has-spinner\" type=\"submit\" value=\"Enviar\" \/>\n<\/p><div class=\"wpcf7-response-output\" aria-hidden=\"true\"><\/div>\n<\/form>\n<\/div>\n\n<hr \/>\n<p>&nbsp;<\/p>\n<div class=\"pvc_clear\"><\/div>\n<p id=\"pvc_stats_140\" class=\"pvc_stats all  \" data-element-id=\"140\" style=\"\"><i class=\"pvc-stats-icon medium\" aria-hidden=\"true\"><svg aria-hidden=\"true\" focusable=\"false\" data-prefix=\"far\" data-icon=\"chart-bar\" role=\"img\" xmlns=\"http:\/\/www.w3.org\/2000\/svg\" viewBox=\"0 0 512 512\" class=\"svg-inline--fa fa-chart-bar fa-w-16 fa-2x\"><path fill=\"currentColor\" d=\"M396.8 352h22.4c6.4 0 12.8-6.4 12.8-12.8V108.8c0-6.4-6.4-12.8-12.8-12.8h-22.4c-6.4 0-12.8 6.4-12.8 12.8v230.4c0 6.4 6.4 12.8 12.8 12.8zm-192 0h22.4c6.4 0 12.8-6.4 12.8-12.8V140.8c0-6.4-6.4-12.8-12.8-12.8h-22.4c-6.4 0-12.8 6.4-12.8 12.8v198.4c0 6.4 6.4 12.8 12.8 12.8zm96 0h22.4c6.4 0 12.8-6.4 12.8-12.8V204.8c0-6.4-6.4-12.8-12.8-12.8h-22.4c-6.4 0-12.8 6.4-12.8 12.8v134.4c0 6.4 6.4 12.8 12.8 12.8zM496 400H48V80c0-8.84-7.16-16-16-16H16C7.16 64 0 71.16 0 80v336c0 17.67 14.33 32 32 32h464c8.84 0 16-7.16 16-16v-16c0-8.84-7.16-16-16-16zm-387.2-48h22.4c6.4 0 12.8-6.4 12.8-12.8v-70.4c0-6.4-6.4-12.8-12.8-12.8h-22.4c-6.4 0-12.8 6.4-12.8 12.8v70.4c0 6.4 6.4 12.8 12.8 12.8z\" class=\"\"><\/path><\/svg><\/i> <img loading=\"lazy\" decoding=\"async\" width=\"16\" height=\"16\" alt=\"Loading\" src=\"https:\/\/www.112spain.com\/web\/wp-content\/plugins\/page-views-count\/ajax-loader-2x.gif\" border=0 \/><\/p>\n<div class=\"pvc_clear\"><\/div>\n","protected":false},"excerpt":{"rendered":"<p>Formulario web de contacto de 1-1-2 Spain INFORMACI\u00d3N B\u00c1SICA DE PROTECCI\u00d3N DE DATOS Responsable del tratamiento: PJPC-SOFTWARE. Finalidad: Los datos ser\u00e1n utilizados para atender su solicitud voluntaria y para la remisi\u00f3n de informaci\u00f3n de nuestra entidad si nos ha prestado su consentimiento y bajo petici\u00f3n previa de la misma. Legitimaci\u00f3n: Ejecuci\u00f3n de un contrato\/precontrato, obligaci\u00f3n [&hellip;]<\/p>\n<div class=\"pvc_clear\"><\/div>\n<p id=\"pvc_stats_140\" class=\"pvc_stats all  \" data-element-id=\"140\" style=\"\"><i class=\"pvc-stats-icon medium\" aria-hidden=\"true\"><svg aria-hidden=\"true\" focusable=\"false\" data-prefix=\"far\" data-icon=\"chart-bar\" role=\"img\" xmlns=\"http:\/\/www.w3.org\/2000\/svg\" viewBox=\"0 0 512 512\" class=\"svg-inline--fa fa-chart-bar fa-w-16 fa-2x\"><path fill=\"currentColor\" d=\"M396.8 352h22.4c6.4 0 12.8-6.4 12.8-12.8V108.8c0-6.4-6.4-12.8-12.8-12.8h-22.4c-6.4 0-12.8 6.4-12.8 12.8v230.4c0 6.4 6.4 12.8 12.8 12.8zm-192 0h22.4c6.4 0 12.8-6.4 12.8-12.8V140.8c0-6.4-6.4-12.8-12.8-12.8h-22.4c-6.4 0-12.8 6.4-12.8 12.8v198.4c0 6.4 6.4 12.8 12.8 12.8zm96 0h22.4c6.4 0 12.8-6.4 12.8-12.8V204.8c0-6.4-6.4-12.8-12.8-12.8h-22.4c-6.4 0-12.8 6.4-12.8 12.8v134.4c0 6.4 6.4 12.8 12.8 12.8zM496 400H48V80c0-8.84-7.16-16-16-16H16C7.16 64 0 71.16 0 80v336c0 17.67 14.33 32 32 32h464c8.84 0 16-7.16 16-16v-16c0-8.84-7.16-16-16-16zm-387.2-48h22.4c6.4 0 12.8-6.4 12.8-12.8v-70.4c0-6.4-6.4-12.8-12.8-12.8h-22.4c-6.4 0-12.8 6.4-12.8 12.8v70.4c0 6.4 6.4 12.8 12.8 12.8z\" class=\"\"><\/path><\/svg><\/i> <img loading=\"lazy\" decoding=\"async\" width=\"16\" height=\"16\" alt=\"Loading\" src=\"https:\/\/www.112spain.com\/web\/wp-content\/plugins\/page-views-count\/ajax-loader-2x.gif\" border=0 \/><\/p>\n<div class=\"pvc_clear\"><\/div>\n","protected":false},"author":1,"featured_media":0,"parent":0,"menu_order":0,"comment_status":"closed","ping_status":"closed","template":"","meta":{"footnotes":""},"class_list":["post-140","page","type-page","status-publish","hentry"],"yoast_head":"<!-- This site is optimized with the Yoast SEO plugin v26.1.1 - https:\/\/yoast.com\/wordpress\/plugins\/seo\/ -->\n<title>FORMULARIO CONTACTAR - 112 Spain<\/title>\n<meta name=\"robots\" content=\"index, follow, max-snippet:-1, max-image-preview:large, max-video-preview:-1\" \/>\n<link rel=\"canonical\" href=\"https:\/\/www.112spain.com\/web\/contactform\/\" \/>\n<meta property=\"og:locale\" content=\"es_ES\" \/>\n<meta property=\"og:type\" content=\"article\" \/>\n<meta property=\"og:title\" content=\"FORMULARIO CONTACTAR - 112 Spain\" \/>\n<meta property=\"og:description\" content=\"Formulario web de contacto de 1-1-2 Spain INFORMACI\u00d3N B\u00c1SICA DE PROTECCI\u00d3N DE DATOS Responsable del tratamiento: PJPC-SOFTWARE. Finalidad: Los datos ser\u00e1n utilizados para atender su solicitud voluntaria y para la remisi\u00f3n de informaci\u00f3n de nuestra entidad si nos ha prestado su consentimiento y bajo petici\u00f3n previa de la misma. Legitimaci\u00f3n: Ejecuci\u00f3n de un contrato\/precontrato, obligaci\u00f3n [&hellip;]\" \/>\n<meta property=\"og:url\" content=\"https:\/\/www.112spain.com\/web\/contactform\/\" \/>\n<meta property=\"og:site_name\" content=\"112 Spain\" \/>\n<meta property=\"article:modified_time\" content=\"2024-10-10T17:49:57+00:00\" \/>\n<meta name=\"twitter:card\" content=\"summary_large_image\" \/>\n<meta name=\"twitter:label1\" content=\"Tiempo de lectura\" \/>\n\t<meta name=\"twitter:data1\" content=\"1 minuto\" \/>\n<script type=\"application\/ld+json\" class=\"yoast-schema-graph\">{\"@context\":\"https:\/\/schema.org\",\"@graph\":[{\"@type\":\"WebPage\",\"@id\":\"https:\/\/www.112spain.com\/web\/contactform\/\",\"url\":\"https:\/\/www.112spain.com\/web\/contactform\/\",\"name\":\"FORMULARIO CONTACTAR - 112 Spain\",\"isPartOf\":{\"@id\":\"https:\/\/www.112spain.com\/web\/#website\"},\"datePublished\":\"2024-10-07T10:55:38+00:00\",\"dateModified\":\"2024-10-10T17:49:57+00:00\",\"breadcrumb\":{\"@id\":\"https:\/\/www.112spain.com\/web\/contactform\/#breadcrumb\"},\"inLanguage\":\"es\",\"potentialAction\":[{\"@type\":\"ReadAction\",\"target\":[\"https:\/\/www.112spain.com\/web\/contactform\/\"]}]},{\"@type\":\"BreadcrumbList\",\"@id\":\"https:\/\/www.112spain.com\/web\/contactform\/#breadcrumb\",\"itemListElement\":[{\"@type\":\"ListItem\",\"position\":1,\"name\":\"Portada\",\"item\":\"https:\/\/www.112spain.com\/web\/\"},{\"@type\":\"ListItem\",\"position\":2,\"name\":\"FORMULARIO CONTACTAR\"}]},{\"@type\":\"WebSite\",\"@id\":\"https:\/\/www.112spain.com\/web\/#website\",\"url\":\"https:\/\/www.112spain.com\/web\/\",\"name\":\"112 Spain\",\"description\":\"Directorio de Sitios web de Seguridad y Emergencias\",\"publisher\":{\"@id\":\"https:\/\/www.112spain.com\/web\/#organization\"},\"potentialAction\":[{\"@type\":\"SearchAction\",\"target\":{\"@type\":\"EntryPoint\",\"urlTemplate\":\"https:\/\/www.112spain.com\/web\/?s={search_term_string}\"},\"query-input\":{\"@type\":\"PropertyValueSpecification\",\"valueRequired\":true,\"valueName\":\"search_term_string\"}}],\"inLanguage\":\"es\"},{\"@type\":\"Organization\",\"@id\":\"https:\/\/www.112spain.com\/web\/#organization\",\"name\":\"112 Spain\",\"url\":\"https:\/\/www.112spain.com\/web\/\",\"logo\":{\"@type\":\"ImageObject\",\"inLanguage\":\"es\",\"@id\":\"https:\/\/www.112spain.com\/web\/#\/schema\/logo\/image\/\",\"url\":\"https:\/\/www.112spain.com\/web\/wp-content\/uploads\/2024\/09\/Logo_112Spain-Web_200px.png\",\"contentUrl\":\"https:\/\/www.112spain.com\/web\/wp-content\/uploads\/2024\/09\/Logo_112Spain-Web_200px.png\",\"width\":200,\"height\":199,\"caption\":\"112 Spain\"},\"image\":{\"@id\":\"https:\/\/www.112spain.com\/web\/#\/schema\/logo\/image\/\"}}]}<\/script>\n<!-- \/ Yoast SEO plugin. -->","yoast_head_json":{"title":"FORMULARIO CONTACTAR - 112 Spain","robots":{"index":"index","follow":"follow","max-snippet":"max-snippet:-1","max-image-preview":"max-image-preview:large","max-video-preview":"max-video-preview:-1"},"canonical":"https:\/\/www.112spain.com\/web\/contactform\/","og_locale":"es_ES","og_type":"article","og_title":"FORMULARIO CONTACTAR - 112 Spain","og_description":"Formulario web de contacto de 1-1-2 Spain INFORMACI\u00d3N B\u00c1SICA DE PROTECCI\u00d3N DE DATOS Responsable del tratamiento: PJPC-SOFTWARE. Finalidad: Los datos ser\u00e1n utilizados para atender su solicitud voluntaria y para la remisi\u00f3n de informaci\u00f3n de nuestra entidad si nos ha prestado su consentimiento y bajo petici\u00f3n previa de la misma. Legitimaci\u00f3n: Ejecuci\u00f3n de un contrato\/precontrato, obligaci\u00f3n [&hellip;]","og_url":"https:\/\/www.112spain.com\/web\/contactform\/","og_site_name":"112 Spain","article_modified_time":"2024-10-10T17:49:57+00:00","twitter_card":"summary_large_image","twitter_misc":{"Tiempo de lectura":"1 minuto"},"schema":{"@context":"https:\/\/schema.org","@graph":[{"@type":"WebPage","@id":"https:\/\/www.112spain.com\/web\/contactform\/","url":"https:\/\/www.112spain.com\/web\/contactform\/","name":"FORMULARIO CONTACTAR - 112 Spain","isPartOf":{"@id":"https:\/\/www.112spain.com\/web\/#website"},"datePublished":"2024-10-07T10:55:38+00:00","dateModified":"2024-10-10T17:49:57+00:00","breadcrumb":{"@id":"https:\/\/www.112spain.com\/web\/contactform\/#breadcrumb"},"inLanguage":"es","potentialAction":[{"@type":"ReadAction","target":["https:\/\/www.112spain.com\/web\/contactform\/"]}]},{"@type":"BreadcrumbList","@id":"https:\/\/www.112spain.com\/web\/contactform\/#breadcrumb","itemListElement":[{"@type":"ListItem","position":1,"name":"Portada","item":"https:\/\/www.112spain.com\/web\/"},{"@type":"ListItem","position":2,"name":"FORMULARIO CONTACTAR"}]},{"@type":"WebSite","@id":"https:\/\/www.112spain.com\/web\/#website","url":"https:\/\/www.112spain.com\/web\/","name":"112 Spain","description":"Directorio de Sitios web de Seguridad y Emergencias","publisher":{"@id":"https:\/\/www.112spain.com\/web\/#organization"},"potentialAction":[{"@type":"SearchAction","target":{"@type":"EntryPoint","urlTemplate":"https:\/\/www.112spain.com\/web\/?s={search_term_string}"},"query-input":{"@type":"PropertyValueSpecification","valueRequired":true,"valueName":"search_term_string"}}],"inLanguage":"es"},{"@type":"Organization","@id":"https:\/\/www.112spain.com\/web\/#organization","name":"112 Spain","url":"https:\/\/www.112spain.com\/web\/","logo":{"@type":"ImageObject","inLanguage":"es","@id":"https:\/\/www.112spain.com\/web\/#\/schema\/logo\/image\/","url":"https:\/\/www.112spain.com\/web\/wp-content\/uploads\/2024\/09\/Logo_112Spain-Web_200px.png","contentUrl":"https:\/\/www.112spain.com\/web\/wp-content\/uploads\/2024\/09\/Logo_112Spain-Web_200px.png","width":200,"height":199,"caption":"112 Spain"},"image":{"@id":"https:\/\/www.112spain.com\/web\/#\/schema\/logo\/image\/"}}]}},"publishpress_future_action":{"enabled":false,"date":"2026-05-09 18:59:07","action":"change-status","newStatus":"draft","terms":[],"taxonomy":"","extraData":[]},"publishpress_future_workflow_manual_trigger":{"enabledWorkflows":[]},"_links":{"self":[{"href":"https:\/\/www.112spain.com\/web\/wp-json\/wp\/v2\/pages\/140","targetHints":{"allow":["GET"]}}],"collection":[{"href":"https:\/\/www.112spain.com\/web\/wp-json\/wp\/v2\/pages"}],"about":[{"href":"https:\/\/www.112spain.com\/web\/wp-json\/wp\/v2\/types\/page"}],"author":[{"embeddable":true,"href":"https:\/\/www.112spain.com\/web\/wp-json\/wp\/v2\/users\/1"}],"replies":[{"embeddable":true,"href":"https:\/\/www.112spain.com\/web\/wp-json\/wp\/v2\/comments?post=140"}],"version-history":[{"count":14,"href":"https:\/\/www.112spain.com\/web\/wp-json\/wp\/v2\/pages\/140\/revisions"}],"predecessor-version":[{"id":159,"href":"https:\/\/www.112spain.com\/web\/wp-json\/wp\/v2\/pages\/140\/revisions\/159"}],"wp:attachment":[{"href":"https:\/\/www.112spain.com\/web\/wp-json\/wp\/v2\/media?parent=140"}],"curies":[{"name":"wp","href":"https:\/\/api.w.org\/{rel}","templated":true}]}}