{"id":2,"date":"2024-09-29T16:09:50","date_gmt":"2024-09-29T14:09:50","guid":{"rendered":"https:\/\/www.112spain.com\/web\/?page_id=2"},"modified":"2024-10-18T19:59:25","modified_gmt":"2024-10-18T18:59:25","slug":"acercade","status":"publish","type":"page","link":"https:\/\/www.112spain.com\/web\/acercade\/","title":{"rendered":"Acerca de 112spain"},"content":{"rendered":"\r\n<figure class=\"wp-block-image aligncenter size-full is-resized\"><img loading=\"lazy\" decoding=\"async\" width=\"500\" height=\"500\" class=\"wp-image-83\" style=\"width: 134px; height: auto;\" src=\"https:\/\/www.112spain.com\/web\/wp-content\/uploads\/2024\/10\/Logo_112Spain_500px.png\" alt=\"112 SPAIN\" srcset=\"https:\/\/www.112spain.com\/web\/wp-content\/uploads\/2024\/10\/Logo_112Spain_500px.png 500w, https:\/\/www.112spain.com\/web\/wp-content\/uploads\/2024\/10\/Logo_112Spain_500px-300x300.png 300w, https:\/\/www.112spain.com\/web\/wp-content\/uploads\/2024\/10\/Logo_112Spain_500px-150x150.png 150w\" sizes=\"auto, (max-width: 500px) 100vw, 500px\" \/><\/figure>\r\n\r\n\r\n\r\n<p>Corr\u00eda el a\u00f1o 2010, durante la celebraci\u00f3n del <a href=\"https:\/\/www3.gobiernodecanarias.org\/noticias\/hemeroteca\/canarias-acoge-xxi-edicion-foro-centros-emergencias-espana\/?format=pdf\" target=\"_blank\" rel=\"noreferrer noopener\" data-type=\"link\" data-id=\"https:\/\/www3.gobiernodecanarias.org\/noticias\/hemeroteca\/canarias-acoge-xxi-edicion-foro-centros-emergencias-espana\/?format=pdf\">XXI Foro de Centros 1-1-2 de Espa\u00f1a<\/a> celebrado en Las Palmas de Gran Canaria, en el Auditorio Alfredo Kraus de la capital grancanaria, cuando bajo la tutela del Centro Coordinador de Emergencias y Seguridad 1-1-2 del Gobierno de Canarias (CECOES 112) <a href=\"#Pperera\">expuse<\/a> a todos los presentes, Directores Generales de Seguridad y Emergencias de todas las Comunidades Aut\u00f3nomas y sus Directores de Centros 1-1-2, una presentaci\u00f3n en la que indicaba la necesidad de unificar esfuerzos en divulgaci\u00f3n y promoci\u00f3n de los Servicios 1-1-2 de Espa\u00f1a, mediante la creaci\u00f3n de una P\u00e1gina Web <a href=\"https:\/\/www.112spain.com\" target=\"_blank\" rel=\"noreferrer noopener\" data-type=\"link\" data-id=\"https:\/\/www.112spain.com\">Directorio.<\/a><\/p>\r\n<p>Con esta iniciativa se pretend\u00eda crear un espacio en el que consultar documentaci\u00f3n y noticias, as\u00ed como disponer de un lugar de reuni\u00f3n com\u00fan para todas las centrales de emergencia, en un principio del territorio espa\u00f1ol, sumando con el tiempo centros de otros sitios de Europa y Am\u00e9rica.<\/p>\r\n\r\n\r\n\r\n<blockquote class=\"wp-block-quote is-layout-flow wp-block-quote-is-layout-flow\">\r\n<p>\u00abDesde aquel entonces y a nivel global, han existido numerosas cuestiones que han retrasado sobremanera la consecuci\u00f3n de los objetivos propuestos\u00bb<\/p>\r\n<\/blockquote>\r\n\r\n\r\n\r\n<p>A\u00fan as\u00ed y con los cambios tecnol\u00f3gicos que se han producido durante esta \u00faltima d\u00e9cada y media, que han facilitado enormemente el acceso a la informaci\u00f3n como nunca antes podr\u00edamos haber imaginado, creando herramientas suficientes para estos objetivos, sigui\u00f3 quedando pendiente una tarea para con el p\u00fablico general y muchos profesionales de a pie, as\u00ed como para los centros de seguridad y emergencias y que en cierta medida, se han conseguido con esta web unificadora.<\/p>\r\n\r\n\r\n\r\n<blockquote class=\"wp-block-quote is-layout-flow wp-block-quote-is-layout-flow\">\r\n<p class=\"has-text-align-center\"><a href=\"https:\/\/www.112spain.com\/index.php\" target=\"_blank\" rel=\"noreferrer noopener\" data-type=\"link\" data-id=\"https:\/\/www.112spain.com\/index.php\">La web directorio 112spain.com<\/a><\/p>\r\n<\/blockquote>\r\n\r\n\r\n\r\n<p class=\"has-base-background-color has-background\">Deseo expresar el agradecimiento a la Direcci\u00f3n de GSC, Empresa P\u00fablica del Gobierno de Canarias, as\u00ed como a la Direcci\u00f3n de su Divisi\u00f3n CECOES 112 y a sus respectivos responsables y todos los compa\u00f1eros t\u00e9cnicos, por las facilidades dadas para permitir la consecuci\u00f3n de este objetivo, que tras estos a\u00f1os recorridos, terminar\u00e1 siendo un sitio en com\u00fan desde el que localizar y compartir informaci\u00f3n; y que tras su finalizaci\u00f3n y comprobaci\u00f3n bajo una estricta bater\u00eda de pruebas, es mi intenci\u00f3n como creador y promotor de este proyecto, dejar que sea tutelada por dicho Centro Coordinador, entendi\u00e9ndoles como magn\u00edficos garantes oficiales y referentes de la informaci\u00f3n, necesarios en cuanto a credibilidad para una web de este tipo.<\/p>\r\n\r\n\r\n\r\n<p>Esperando les sea de utilidad,\u00a0<\/p>\r\n\r\n\r\n\r\n<p>Atte.<\/p>\r\n\r\n\r\n\r\n<div class=\"wp-block-group is-nowrap is-layout-flex wp-container-core-group-is-layout-6c531013 wp-block-group-is-layout-flex\">\r\n<p><strong>Pedro. J. Perera Campos<\/strong>,<\/p>\r\n\r\n\r\n\r\n<p><span style=\"font-size: 10pt;\">Creador, administrador y webmaster<\/span><\/p>\r\n\r\n\r\n\r\n<p>112spain.com y 112spain.es<\/p>\r\n<\/div>\r\n\r\n\r\n\r\n<figure id=\"Pperera\" class=\"wp-block-image size-full\"><img loading=\"lazy\" decoding=\"async\" width=\"720\" height=\"477\" class=\"wp-image-31\" src=\"https:\/\/www.112spain.com\/web\/wp-content\/uploads\/2024\/09\/30136_1386366192441_405924_n.jpg\" alt=\"Otra instant\u00e1nea durante una Presentaci\u00f3n en el XXI Foro de Centros 1-1-2 Espa\u00f1a, Jornadas Internacionales de Centros de Emergencias y Seguridad, celebrados el 26 y 27 de mayo de 2010 y durante la cual expuse los logros alcanzados en la programaci\u00f3n de la actual web del 1-1-2 Canarias (112canarias.com) y la oportunidad de unificar esfuerzos en una web-Directorio Com\u00fan para los Centros 1-1-2 de Espa\u00f1a e internacionales.\" srcset=\"https:\/\/www.112spain.com\/web\/wp-content\/uploads\/2024\/09\/30136_1386366192441_405924_n.jpg 720w, https:\/\/www.112spain.com\/web\/wp-content\/uploads\/2024\/09\/30136_1386366192441_405924_n-300x199.jpg 300w\" sizes=\"auto, (max-width: 720px) 100vw, 720px\" \/><\/figure>\r\n\r\n\r\n\r\n<figure class=\"wp-block-image size-full\"><img loading=\"lazy\" decoding=\"async\" width=\"720\" height=\"477\" class=\"wp-image-32\" src=\"https:\/\/www.112spain.com\/web\/wp-content\/uploads\/2024\/09\/30136_1386366072438_5175829_n.jpg\" alt=\"Otra instant\u00e1nea durante una Presentaci\u00f3n en el XXI Foro de Centros 1-1-2 Espa\u00f1a, Jornadas Internacionales de Centros de Emergencias y Seguridad, celebrados el 26 y 27 de mayo de 2010 y durante la cual expuse los logros alcanzados en la programaci\u00f3n de la actual web del 1-1-2 Canarias (112canarias.com) y la oportunidad de unificar esfuerzos en una web-Directorio Com\u00fan para los Centros 1-1-2 de Espa\u00f1a e internacionales.\" srcset=\"https:\/\/www.112spain.com\/web\/wp-content\/uploads\/2024\/09\/30136_1386366072438_5175829_n.jpg 720w, https:\/\/www.112spain.com\/web\/wp-content\/uploads\/2024\/09\/30136_1386366072438_5175829_n-300x199.jpg 300w\" sizes=\"auto, (max-width: 720px) 100vw, 720px\" \/><\/figure>\r\n\r\n\r\n\r\n<p><em>Noticia de Referencia: Hemeroteca Gobierno de Canarias<\/em> [<a href=\"https:\/\/www3.gobiernodecanarias.org\/noticias\/hemeroteca\/canarias-acoge-xxi-edicion-foro-centros-emergencias-espana\/?format=pdf\">Descargar Web gobcan<\/a>] [<a href=\"https:\/\/www.112spain.com\/web\/wp-content\/uploads\/2024\/09\/canarias-acoge-xxi-edicion-foro-centros-emergencias-espana.pdf\" target=\"_blank\" rel=\"noreferrer noopener\"><strong>Ver en web 112Spain<\/strong><\/a>]<\/p>\r\n<div class=\"pvc_clear\"><\/div><p id=\"pvc_stats_2\" class=\"pvc_stats all  \" data-element-id=\"2\" style=\"\"><i class=\"pvc-stats-icon medium\" aria-hidden=\"true\"><svg aria-hidden=\"true\" focusable=\"false\" data-prefix=\"far\" data-icon=\"chart-bar\" role=\"img\" xmlns=\"http:\/\/www.w3.org\/2000\/svg\" viewBox=\"0 0 512 512\" class=\"svg-inline--fa fa-chart-bar fa-w-16 fa-2x\"><path fill=\"currentColor\" d=\"M396.8 352h22.4c6.4 0 12.8-6.4 12.8-12.8V108.8c0-6.4-6.4-12.8-12.8-12.8h-22.4c-6.4 0-12.8 6.4-12.8 12.8v230.4c0 6.4 6.4 12.8 12.8 12.8zm-192 0h22.4c6.4 0 12.8-6.4 12.8-12.8V140.8c0-6.4-6.4-12.8-12.8-12.8h-22.4c-6.4 0-12.8 6.4-12.8 12.8v198.4c0 6.4 6.4 12.8 12.8 12.8zm96 0h22.4c6.4 0 12.8-6.4 12.8-12.8V204.8c0-6.4-6.4-12.8-12.8-12.8h-22.4c-6.4 0-12.8 6.4-12.8 12.8v134.4c0 6.4 6.4 12.8 12.8 12.8zM496 400H48V80c0-8.84-7.16-16-16-16H16C7.16 64 0 71.16 0 80v336c0 17.67 14.33 32 32 32h464c8.84 0 16-7.16 16-16v-16c0-8.84-7.16-16-16-16zm-387.2-48h22.4c6.4 0 12.8-6.4 12.8-12.8v-70.4c0-6.4-6.4-12.8-12.8-12.8h-22.4c-6.4 0-12.8 6.4-12.8 12.8v70.4c0 6.4 6.4 12.8 12.8 12.8z\" class=\"\"><\/path><\/svg><\/i> <img loading=\"lazy\" decoding=\"async\" width=\"16\" height=\"16\" alt=\"Loading\" src=\"https:\/\/www.112spain.com\/web\/wp-content\/plugins\/page-views-count\/ajax-loader-2x.gif\" border=0 \/><\/p><div class=\"pvc_clear\"><\/div>","protected":false},"excerpt":{"rendered":"<p>Corr\u00eda el a\u00f1o 2010, durante la celebraci\u00f3n del XXI Foro de Centros 1-1-2 de Espa\u00f1a celebrado en Las Palmas de Gran Canaria, en el Auditorio Alfredo Kraus de la capital grancanaria, cuando bajo la tutela del Centro Coordinador de Emergencias y Seguridad 1-1-2 del Gobierno de Canarias (CECOES 112) expuse a todos los presentes, Directores [&hellip;]<\/p>\n<div class=\"pvc_clear\"><\/div>\n<p id=\"pvc_stats_2\" class=\"pvc_stats all  \" data-element-id=\"2\" style=\"\"><i class=\"pvc-stats-icon medium\" aria-hidden=\"true\"><svg aria-hidden=\"true\" focusable=\"false\" data-prefix=\"far\" data-icon=\"chart-bar\" role=\"img\" xmlns=\"http:\/\/www.w3.org\/2000\/svg\" viewBox=\"0 0 512 512\" class=\"svg-inline--fa fa-chart-bar fa-w-16 fa-2x\"><path fill=\"currentColor\" d=\"M396.8 352h22.4c6.4 0 12.8-6.4 12.8-12.8V108.8c0-6.4-6.4-12.8-12.8-12.8h-22.4c-6.4 0-12.8 6.4-12.8 12.8v230.4c0 6.4 6.4 12.8 12.8 12.8zm-192 0h22.4c6.4 0 12.8-6.4 12.8-12.8V140.8c0-6.4-6.4-12.8-12.8-12.8h-22.4c-6.4 0-12.8 6.4-12.8 12.8v198.4c0 6.4 6.4 12.8 12.8 12.8zm96 0h22.4c6.4 0 12.8-6.4 12.8-12.8V204.8c0-6.4-6.4-12.8-12.8-12.8h-22.4c-6.4 0-12.8 6.4-12.8 12.8v134.4c0 6.4 6.4 12.8 12.8 12.8zM496 400H48V80c0-8.84-7.16-16-16-16H16C7.16 64 0 71.16 0 80v336c0 17.67 14.33 32 32 32h464c8.84 0 16-7.16 16-16v-16c0-8.84-7.16-16-16-16zm-387.2-48h22.4c6.4 0 12.8-6.4 12.8-12.8v-70.4c0-6.4-6.4-12.8-12.8-12.8h-22.4c-6.4 0-12.8 6.4-12.8 12.8v70.4c0 6.4 6.4 12.8 12.8 12.8z\" class=\"\"><\/path><\/svg><\/i> <img loading=\"lazy\" decoding=\"async\" width=\"16\" height=\"16\" alt=\"Loading\" src=\"https:\/\/www.112spain.com\/web\/wp-content\/plugins\/page-views-count\/ajax-loader-2x.gif\" border=0 \/><\/p>\n<div class=\"pvc_clear\"><\/div>\n","protected":false},"author":1,"featured_media":0,"parent":0,"menu_order":0,"comment_status":"closed","ping_status":"open","template":"","meta":{"footnotes":""},"class_list":["post-2","page","type-page","status-publish","hentry"],"yoast_head":"<!-- This site is optimized with the Yoast SEO plugin v26.1.1 - https:\/\/yoast.com\/wordpress\/plugins\/seo\/ -->\n<title>Acerca de 112spain - 112 Spain<\/title>\n<meta name=\"robots\" content=\"index, follow, max-snippet:-1, max-image-preview:large, max-video-preview:-1\" \/>\n<link rel=\"canonical\" href=\"https:\/\/www.112spain.com\/web\/acercade\/\" \/>\n<meta property=\"og:locale\" content=\"es_ES\" \/>\n<meta property=\"og:type\" content=\"article\" \/>\n<meta property=\"og:title\" content=\"Acerca de 112spain - 112 Spain\" \/>\n<meta property=\"og:description\" content=\"Corr\u00eda el a\u00f1o 2010, durante la celebraci\u00f3n del XXI Foro de Centros 1-1-2 de Espa\u00f1a celebrado en Las Palmas de Gran Canaria, en el Auditorio Alfredo Kraus de la capital grancanaria, cuando bajo la tutela del Centro Coordinador de Emergencias y Seguridad 1-1-2 del Gobierno de Canarias (CECOES 112) expuse a todos los presentes, Directores [&hellip;]\" \/>\n<meta property=\"og:url\" content=\"https:\/\/www.112spain.com\/web\/acercade\/\" \/>\n<meta property=\"og:site_name\" content=\"112 Spain\" \/>\n<meta property=\"article:modified_time\" content=\"2024-10-18T18:59:25+00:00\" \/>\n<meta property=\"og:image\" content=\"https:\/\/www.112spain.com\/web\/wp-content\/uploads\/2024\/10\/Logo_112Spain_500px.png\" \/>\n\t<meta property=\"og:image:width\" content=\"500\" \/>\n\t<meta property=\"og:image:height\" content=\"500\" \/>\n\t<meta property=\"og:image:type\" content=\"image\/png\" \/>\n<meta name=\"twitter:card\" content=\"summary_large_image\" \/>\n<meta name=\"twitter:label1\" content=\"Tiempo de lectura\" \/>\n\t<meta name=\"twitter:data1\" content=\"3 minutos\" \/>\n<script type=\"application\/ld+json\" class=\"yoast-schema-graph\">{\"@context\":\"https:\/\/schema.org\",\"@graph\":[{\"@type\":\"WebPage\",\"@id\":\"https:\/\/www.112spain.com\/web\/acercade\/\",\"url\":\"https:\/\/www.112spain.com\/web\/acercade\/\",\"name\":\"Acerca de 112spain - 112 Spain\",\"isPartOf\":{\"@id\":\"https:\/\/www.112spain.com\/web\/#website\"},\"primaryImageOfPage\":{\"@id\":\"https:\/\/www.112spain.com\/web\/acercade\/#primaryimage\"},\"image\":{\"@id\":\"https:\/\/www.112spain.com\/web\/acercade\/#primaryimage\"},\"thumbnailUrl\":\"https:\/\/www.112spain.com\/web\/wp-content\/uploads\/2024\/10\/Logo_112Spain_500px.png\",\"datePublished\":\"2024-09-29T14:09:50+00:00\",\"dateModified\":\"2024-10-18T18:59:25+00:00\",\"breadcrumb\":{\"@id\":\"https:\/\/www.112spain.com\/web\/acercade\/#breadcrumb\"},\"inLanguage\":\"es\",\"potentialAction\":[{\"@type\":\"ReadAction\",\"target\":[\"https:\/\/www.112spain.com\/web\/acercade\/\"]}]},{\"@type\":\"ImageObject\",\"inLanguage\":\"es\",\"@id\":\"https:\/\/www.112spain.com\/web\/acercade\/#primaryimage\",\"url\":\"https:\/\/www.112spain.com\/web\/wp-content\/uploads\/2024\/10\/Logo_112Spain_500px.png\",\"contentUrl\":\"https:\/\/www.112spain.com\/web\/wp-content\/uploads\/2024\/10\/Logo_112Spain_500px.png\",\"width\":500,\"height\":500,\"caption\":\"112 Sitio de informaci\u00f3n veraz bajo protocolo seguro (https)\"},{\"@type\":\"BreadcrumbList\",\"@id\":\"https:\/\/www.112spain.com\/web\/acercade\/#breadcrumb\",\"itemListElement\":[{\"@type\":\"ListItem\",\"position\":1,\"name\":\"Portada\",\"item\":\"https:\/\/www.112spain.com\/web\/\"},{\"@type\":\"ListItem\",\"position\":2,\"name\":\"Acerca de 112spain\"}]},{\"@type\":\"WebSite\",\"@id\":\"https:\/\/www.112spain.com\/web\/#website\",\"url\":\"https:\/\/www.112spain.com\/web\/\",\"name\":\"112 Spain\",\"description\":\"Directorio de Sitios web de Seguridad y Emergencias\",\"publisher\":{\"@id\":\"https:\/\/www.112spain.com\/web\/#organization\"},\"potentialAction\":[{\"@type\":\"SearchAction\",\"target\":{\"@type\":\"EntryPoint\",\"urlTemplate\":\"https:\/\/www.112spain.com\/web\/?s={search_term_string}\"},\"query-input\":{\"@type\":\"PropertyValueSpecification\",\"valueRequired\":true,\"valueName\":\"search_term_string\"}}],\"inLanguage\":\"es\"},{\"@type\":\"Organization\",\"@id\":\"https:\/\/www.112spain.com\/web\/#organization\",\"name\":\"112 Spain\",\"url\":\"https:\/\/www.112spain.com\/web\/\",\"logo\":{\"@type\":\"ImageObject\",\"inLanguage\":\"es\",\"@id\":\"https:\/\/www.112spain.com\/web\/#\/schema\/logo\/image\/\",\"url\":\"https:\/\/www.112spain.com\/web\/wp-content\/uploads\/2024\/09\/Logo_112Spain-Web_200px.png\",\"contentUrl\":\"https:\/\/www.112spain.com\/web\/wp-content\/uploads\/2024\/09\/Logo_112Spain-Web_200px.png\",\"width\":200,\"height\":199,\"caption\":\"112 Spain\"},\"image\":{\"@id\":\"https:\/\/www.112spain.com\/web\/#\/schema\/logo\/image\/\"}}]}<\/script>\n<!-- \/ Yoast SEO plugin. -->","yoast_head_json":{"title":"Acerca de 112spain - 112 Spain","robots":{"index":"index","follow":"follow","max-snippet":"max-snippet:-1","max-image-preview":"max-image-preview:large","max-video-preview":"max-video-preview:-1"},"canonical":"https:\/\/www.112spain.com\/web\/acercade\/","og_locale":"es_ES","og_type":"article","og_title":"Acerca de 112spain - 112 Spain","og_description":"Corr\u00eda el a\u00f1o 2010, durante la celebraci\u00f3n del XXI Foro de Centros 1-1-2 de Espa\u00f1a celebrado en Las Palmas de Gran Canaria, en el Auditorio Alfredo Kraus de la capital grancanaria, cuando bajo la tutela del Centro Coordinador de Emergencias y Seguridad 1-1-2 del Gobierno de Canarias (CECOES 112) expuse a todos los presentes, Directores [&hellip;]","og_url":"https:\/\/www.112spain.com\/web\/acercade\/","og_site_name":"112 Spain","article_modified_time":"2024-10-18T18:59:25+00:00","og_image":[{"width":500,"height":500,"url":"https:\/\/www.112spain.com\/web\/wp-content\/uploads\/2024\/10\/Logo_112Spain_500px.png","type":"image\/png"}],"twitter_card":"summary_large_image","twitter_misc":{"Tiempo de lectura":"3 minutos"},"schema":{"@context":"https:\/\/schema.org","@graph":[{"@type":"WebPage","@id":"https:\/\/www.112spain.com\/web\/acercade\/","url":"https:\/\/www.112spain.com\/web\/acercade\/","name":"Acerca de 112spain - 112 Spain","isPartOf":{"@id":"https:\/\/www.112spain.com\/web\/#website"},"primaryImageOfPage":{"@id":"https:\/\/www.112spain.com\/web\/acercade\/#primaryimage"},"image":{"@id":"https:\/\/www.112spain.com\/web\/acercade\/#primaryimage"},"thumbnailUrl":"https:\/\/www.112spain.com\/web\/wp-content\/uploads\/2024\/10\/Logo_112Spain_500px.png","datePublished":"2024-09-29T14:09:50+00:00","dateModified":"2024-10-18T18:59:25+00:00","breadcrumb":{"@id":"https:\/\/www.112spain.com\/web\/acercade\/#breadcrumb"},"inLanguage":"es","potentialAction":[{"@type":"ReadAction","target":["https:\/\/www.112spain.com\/web\/acercade\/"]}]},{"@type":"ImageObject","inLanguage":"es","@id":"https:\/\/www.112spain.com\/web\/acercade\/#primaryimage","url":"https:\/\/www.112spain.com\/web\/wp-content\/uploads\/2024\/10\/Logo_112Spain_500px.png","contentUrl":"https:\/\/www.112spain.com\/web\/wp-content\/uploads\/2024\/10\/Logo_112Spain_500px.png","width":500,"height":500,"caption":"112 Sitio de informaci\u00f3n veraz bajo protocolo seguro (https)"},{"@type":"BreadcrumbList","@id":"https:\/\/www.112spain.com\/web\/acercade\/#breadcrumb","itemListElement":[{"@type":"ListItem","position":1,"name":"Portada","item":"https:\/\/www.112spain.com\/web\/"},{"@type":"ListItem","position":2,"name":"Acerca de 112spain"}]},{"@type":"WebSite","@id":"https:\/\/www.112spain.com\/web\/#website","url":"https:\/\/www.112spain.com\/web\/","name":"112 Spain","description":"Directorio de Sitios web de Seguridad y Emergencias","publisher":{"@id":"https:\/\/www.112spain.com\/web\/#organization"},"potentialAction":[{"@type":"SearchAction","target":{"@type":"EntryPoint","urlTemplate":"https:\/\/www.112spain.com\/web\/?s={search_term_string}"},"query-input":{"@type":"PropertyValueSpecification","valueRequired":true,"valueName":"search_term_string"}}],"inLanguage":"es"},{"@type":"Organization","@id":"https:\/\/www.112spain.com\/web\/#organization","name":"112 Spain","url":"https:\/\/www.112spain.com\/web\/","logo":{"@type":"ImageObject","inLanguage":"es","@id":"https:\/\/www.112spain.com\/web\/#\/schema\/logo\/image\/","url":"https:\/\/www.112spain.com\/web\/wp-content\/uploads\/2024\/09\/Logo_112Spain-Web_200px.png","contentUrl":"https:\/\/www.112spain.com\/web\/wp-content\/uploads\/2024\/09\/Logo_112Spain-Web_200px.png","width":200,"height":199,"caption":"112 Spain"},"image":{"@id":"https:\/\/www.112spain.com\/web\/#\/schema\/logo\/image\/"}}]}},"publishpress_future_action":{"enabled":false,"date":"2026-05-09 18:01:52","action":"change-status","newStatus":"draft","terms":[],"taxonomy":"","extraData":[]},"publishpress_future_workflow_manual_trigger":{"enabledWorkflows":[]},"_links":{"self":[{"href":"https:\/\/www.112spain.com\/web\/wp-json\/wp\/v2\/pages\/2","targetHints":{"allow":["GET"]}}],"collection":[{"href":"https:\/\/www.112spain.com\/web\/wp-json\/wp\/v2\/pages"}],"about":[{"href":"https:\/\/www.112spain.com\/web\/wp-json\/wp\/v2\/types\/page"}],"author":[{"embeddable":true,"href":"https:\/\/www.112spain.com\/web\/wp-json\/wp\/v2\/users\/1"}],"replies":[{"embeddable":true,"href":"https:\/\/www.112spain.com\/web\/wp-json\/wp\/v2\/comments?post=2"}],"version-history":[{"count":15,"href":"https:\/\/www.112spain.com\/web\/wp-json\/wp\/v2\/pages\/2\/revisions"}],"predecessor-version":[{"id":254,"href":"https:\/\/www.112spain.com\/web\/wp-json\/wp\/v2\/pages\/2\/revisions\/254"}],"wp:attachment":[{"href":"https:\/\/www.112spain.com\/web\/wp-json\/wp\/v2\/media?parent=2"}],"curies":[{"name":"wp","href":"https:\/\/api.w.org\/{rel}","templated":true}]}}